{"id":104,"date":"2024-03-21T07:55:49","date_gmt":"2024-03-21T06:55:49","guid":{"rendered":"https:\/\/boot-service-blohm.de\/neu\/?page_id=104"},"modified":"2024-04-22T12:47:58","modified_gmt":"2024-04-22T10:47:58","slug":"karte","status":"publish","type":"page","link":"https:\/\/boot-service-blohm.de\/neu\/karte\/","title":{"rendered":"Karte"},"content":{"rendered":"<p style=\"text-align: center;\">Unser Headquarter mit Ladengesch\u00e4ft, Werkstatt, Winterlager und Mietpark finden Sie im<\/p>\n<p style=\"text-align: center;\"><strong>Klausdorfer Weg 2 in 18445 Prohn.<\/strong><\/p>\n<p style=\"text-align: center;\">Unser vorrangiger Aktionsradius und Einzugsbereich erstreckt sich auf die H\u00e4fen von <strong>Stralsund, Neuhof, R\u00fcgen, Greifswald, Wolgast, Kr\u00f6slin, Peenem\u00fcde <\/strong>und <strong>Barth<\/strong>.<\/p>\n<p style=\"text-align: center;\">Aus der Erfahrung der letzten Jahre kann sich dieser, je nach Einsatzgrund auch bis <strong>Rostock, Brandenburg<\/strong> und zu den Binnengew\u00e4ssern s\u00fcdlich <strong>Berlin<\/strong>s erstrecken.<\/p>\n<p>&nbsp;<\/p>\n<p><center><br \/>\n<iframe loading=\"lazy\" style=\"border: 0;\" src=\"https:\/\/www.google.com\/maps\/embed?pb=!1m18!1m12!1m3!1d534530.4982386016!2d12.729023447426297!3d54.25177699502993!2m3!1f0!2f0!3f0!3m2!1i1024!2i768!4f13.1!3m3!1m2!1s0x47ac9f9000686669%3A0x84fa19f8588b2bbb!2sBoot%20%26%20Yachtservice%20Benjamin%20Blohm!5e1!3m2!1sde!2sde!4v1711004070460!5m2!1sde!2sde\" width=\"800\" height=\"600\" allowfullscreen=\"allowfullscreen\"><\/iframe><\/center><\/p>\n\n","protected":false},"excerpt":{"rendered":"<p>Unser Headquarter mit Ladengesch\u00e4ft, Werkstatt, Winterlager und Mietpark finden Sie im Klausdorfer Weg 2 in 18445 Prohn. Unser vorrangiger Aktionsradius und Einzugsbereich erstreckt sich auf die H\u00e4fen von Stralsund, Neuhof, R\u00fcgen, Greifswald, Wolgast, Kr\u00f6slin, Peenem\u00fcde und Barth. Aus der Erfahrung der letzten Jahre kann sich dieser, je nach Einsatzgrund auch bis Rostock, Brandenburg und zu [&hellip;]<\/p>\n","protected":false},"author":1,"featured_media":0,"parent":0,"menu_order":0,"comment_status":"closed","ping_status":"closed","template":"","meta":{"saved_in_kubio":true,"footnotes":""},"class_list":["post-104","page","type-page","status-publish","hentry"],"kubio_ai_page_context":{"short_desc":"","purpose":"general"},"_links":{"self":[{"href":"https:\/\/boot-service-blohm.de\/neu\/wp-json\/wp\/v2\/pages\/104","targetHints":{"allow":["GET"]}}],"collection":[{"href":"https:\/\/boot-service-blohm.de\/neu\/wp-json\/wp\/v2\/pages"}],"about":[{"href":"https:\/\/boot-service-blohm.de\/neu\/wp-json\/wp\/v2\/types\/page"}],"author":[{"embeddable":true,"href":"https:\/\/boot-service-blohm.de\/neu\/wp-json\/wp\/v2\/users\/1"}],"replies":[{"embeddable":true,"href":"https:\/\/boot-service-blohm.de\/neu\/wp-json\/wp\/v2\/comments?post=104"}],"version-history":[{"count":6,"href":"https:\/\/boot-service-blohm.de\/neu\/wp-json\/wp\/v2\/pages\/104\/revisions"}],"predecessor-version":[{"id":592,"href":"https:\/\/boot-service-blohm.de\/neu\/wp-json\/wp\/v2\/pages\/104\/revisions\/592"}],"wp:attachment":[{"href":"https:\/\/boot-service-blohm.de\/neu\/wp-json\/wp\/v2\/media?parent=104"}],"curies":[{"name":"wp","href":"https:\/\/api.w.org\/{rel}","templated":true}]}}