{"id":88,"date":"2024-03-21T07:29:24","date_gmt":"2024-03-21T06:29:24","guid":{"rendered":"https:\/\/boot-service-blohm.de\/neu\/?page_id=88"},"modified":"2024-07-01T13:27:40","modified_gmt":"2024-07-01T11:27:40","slug":"ueber-uns","status":"publish","type":"page","link":"https:\/\/boot-service-blohm.de\/neu\/ueber-uns\/","title":{"rendered":"\u00dcber uns"},"content":{"rendered":"\n\n<p>Was am 03.04.2017 in einer alten Halle in Prohn begann, ist inzwischen ein renomiertes und wettbewerbsf\u00e4hges Unternehmen, dessen Mitarbeiter durch regelm\u00e4\u00dfige Seminare und Zertifizierungen zu jeder Zeit auf dem Stand der aktuellen Technik sind. Was jedoch nicht bedeutet, dass wir uns gern auch mit den sch\u00f6nen und charakterstarken Booten und Motoren der l\u00e4ngst vergangenen Tage auskennen und zu deren Erhalt beitragen k\u00f6nnen.<\/p>\n\n\t\t<style type=\"text\/css\">\n\t\t\t#gallery-1 {\n\t\t\t\tmargin: auto;\n\t\t\t}\n\t\t\t#gallery-1 .gallery-item {\n\t\t\t\tfloat: left;\n\t\t\t\tmargin-top: 10px;\n\t\t\t\ttext-align: center;\n\t\t\t\twidth: 33%;\n\t\t\t}\n\t\t\t#gallery-1 img {\n\t\t\t\tborder: 2px solid #cfcfcf;\n\t\t\t}\n\t\t\t#gallery-1 .gallery-caption {\n\t\t\t\tmargin-left: 0;\n\t\t\t}\n\t\t\t\/* see gallery_shortcode() in wp-includes\/media.php *\/\n\t\t<\/style>\n\t\t<div id='gallery-1' class='gallery galleryid-88 gallery-columns-3 gallery-size-medium'><dl class='gallery-item'>\n\t\t\t<dt class='gallery-icon landscape'>\n\t\t\t\t<a href='https:\/\/boot-service-blohm.de\/neu\/wp-content\/uploads\/2024\/03\/IMG-20231215-WA0062.jpg'><img loading=\"lazy\" decoding=\"async\" width=\"300\" height=\"225\" src=\"https:\/\/boot-service-blohm.de\/neu\/wp-content\/uploads\/2024\/03\/IMG-20231215-WA0062-300x225.jpg\" class=\"attachment-medium size-medium\" alt=\"\" srcset=\"https:\/\/boot-service-blohm.de\/neu\/wp-content\/uploads\/2024\/03\/IMG-20231215-WA0062-300x225.jpg 300w, https:\/\/boot-service-blohm.de\/neu\/wp-content\/uploads\/2024\/03\/IMG-20231215-WA0062-1024x768.jpg 1024w, https:\/\/boot-service-blohm.de\/neu\/wp-content\/uploads\/2024\/03\/IMG-20231215-WA0062-768x576.jpg 768w, https:\/\/boot-service-blohm.de\/neu\/wp-content\/uploads\/2024\/03\/IMG-20231215-WA0062-1536x1152.jpg 1536w, https:\/\/boot-service-blohm.de\/neu\/wp-content\/uploads\/2024\/03\/IMG-20231215-WA0062-1440x1080.jpg 1440w, https:\/\/boot-service-blohm.de\/neu\/wp-content\/uploads\/2024\/03\/IMG-20231215-WA0062.jpg 1600w\" sizes=\"(max-width: 300px) 100vw, 300px\" \/><\/a>\n\t\t\t<\/dt><\/dl><dl class='gallery-item'>\n\t\t\t<dt class='gallery-icon landscape'>\n\t\t\t\t<a href='https:\/\/boot-service-blohm.de\/neu\/wp-content\/uploads\/2024\/03\/IMG-20231215-WA0020.jpg'><img loading=\"lazy\" decoding=\"async\" width=\"300\" height=\"225\" src=\"https:\/\/boot-service-blohm.de\/neu\/wp-content\/uploads\/2024\/03\/IMG-20231215-WA0020-300x225.jpg\" class=\"attachment-medium size-medium\" alt=\"\" srcset=\"https:\/\/boot-service-blohm.de\/neu\/wp-content\/uploads\/2024\/03\/IMG-20231215-WA0020-300x225.jpg 300w, https:\/\/boot-service-blohm.de\/neu\/wp-content\/uploads\/2024\/03\/IMG-20231215-WA0020-1024x768.jpg 1024w, https:\/\/boot-service-blohm.de\/neu\/wp-content\/uploads\/2024\/03\/IMG-20231215-WA0020-768x576.jpg 768w, https:\/\/boot-service-blohm.de\/neu\/wp-content\/uploads\/2024\/03\/IMG-20231215-WA0020-1536x1152.jpg 1536w, https:\/\/boot-service-blohm.de\/neu\/wp-content\/uploads\/2024\/03\/IMG-20231215-WA0020-1440x1080.jpg 1440w, https:\/\/boot-service-blohm.de\/neu\/wp-content\/uploads\/2024\/03\/IMG-20231215-WA0020.jpg 1600w\" sizes=\"(max-width: 300px) 100vw, 300px\" \/><\/a>\n\t\t\t<\/dt><\/dl><dl class='gallery-item'>\n\t\t\t<dt class='gallery-icon landscape'>\n\t\t\t\t<a href='https:\/\/boot-service-blohm.de\/neu\/wp-content\/uploads\/2024\/03\/IMG-20231215-WA0078.jpg'><img loading=\"lazy\" decoding=\"async\" width=\"300\" height=\"225\" src=\"https:\/\/boot-service-blohm.de\/neu\/wp-content\/uploads\/2024\/03\/IMG-20231215-WA0078-300x225.jpg\" class=\"attachment-medium size-medium\" alt=\"\" srcset=\"https:\/\/boot-service-blohm.de\/neu\/wp-content\/uploads\/2024\/03\/IMG-20231215-WA0078-300x225.jpg 300w, https:\/\/boot-service-blohm.de\/neu\/wp-content\/uploads\/2024\/03\/IMG-20231215-WA0078-1024x768.jpg 1024w, https:\/\/boot-service-blohm.de\/neu\/wp-content\/uploads\/2024\/03\/IMG-20231215-WA0078-768x576.jpg 768w, https:\/\/boot-service-blohm.de\/neu\/wp-content\/uploads\/2024\/03\/IMG-20231215-WA0078-1536x1152.jpg 1536w, https:\/\/boot-service-blohm.de\/neu\/wp-content\/uploads\/2024\/03\/IMG-20231215-WA0078-1440x1080.jpg 1440w, https:\/\/boot-service-blohm.de\/neu\/wp-content\/uploads\/2024\/03\/IMG-20231215-WA0078.jpg 1600w\" sizes=\"(max-width: 300px) 100vw, 300px\" \/><\/a>\n\t\t\t<\/dt><\/dl><br style=\"clear: both\" \/><dl class='gallery-item'>\n\t\t\t<dt class='gallery-icon landscape'>\n\t\t\t\t<a href='https:\/\/boot-service-blohm.de\/neu\/wp-content\/uploads\/2024\/03\/IMG-20231215-WA0088.jpg'><img loading=\"lazy\" decoding=\"async\" width=\"300\" height=\"225\" src=\"https:\/\/boot-service-blohm.de\/neu\/wp-content\/uploads\/2024\/03\/IMG-20231215-WA0088-300x225.jpg\" class=\"attachment-medium size-medium\" alt=\"\" srcset=\"https:\/\/boot-service-blohm.de\/neu\/wp-content\/uploads\/2024\/03\/IMG-20231215-WA0088-300x225.jpg 300w, https:\/\/boot-service-blohm.de\/neu\/wp-content\/uploads\/2024\/03\/IMG-20231215-WA0088-1024x768.jpg 1024w, https:\/\/boot-service-blohm.de\/neu\/wp-content\/uploads\/2024\/03\/IMG-20231215-WA0088-768x576.jpg 768w, https:\/\/boot-service-blohm.de\/neu\/wp-content\/uploads\/2024\/03\/IMG-20231215-WA0088-1536x1152.jpg 1536w, https:\/\/boot-service-blohm.de\/neu\/wp-content\/uploads\/2024\/03\/IMG-20231215-WA0088-1440x1080.jpg 1440w, https:\/\/boot-service-blohm.de\/neu\/wp-content\/uploads\/2024\/03\/IMG-20231215-WA0088.jpg 1600w\" sizes=\"(max-width: 300px) 100vw, 300px\" \/><\/a>\n\t\t\t<\/dt><\/dl><dl class='gallery-item'>\n\t\t\t<dt class='gallery-icon landscape'>\n\t\t\t\t<a href='https:\/\/boot-service-blohm.de\/neu\/wp-content\/uploads\/2024\/03\/IMG-20231215-WA0085.jpg'><img loading=\"lazy\" decoding=\"async\" width=\"300\" height=\"225\" src=\"https:\/\/boot-service-blohm.de\/neu\/wp-content\/uploads\/2024\/03\/IMG-20231215-WA0085-300x225.jpg\" class=\"attachment-medium size-medium\" alt=\"\" srcset=\"https:\/\/boot-service-blohm.de\/neu\/wp-content\/uploads\/2024\/03\/IMG-20231215-WA0085-300x225.jpg 300w, https:\/\/boot-service-blohm.de\/neu\/wp-content\/uploads\/2024\/03\/IMG-20231215-WA0085-1024x768.jpg 1024w, https:\/\/boot-service-blohm.de\/neu\/wp-content\/uploads\/2024\/03\/IMG-20231215-WA0085-768x576.jpg 768w, https:\/\/boot-service-blohm.de\/neu\/wp-content\/uploads\/2024\/03\/IMG-20231215-WA0085-1536x1152.jpg 1536w, https:\/\/boot-service-blohm.de\/neu\/wp-content\/uploads\/2024\/03\/IMG-20231215-WA0085-1440x1080.jpg 1440w, https:\/\/boot-service-blohm.de\/neu\/wp-content\/uploads\/2024\/03\/IMG-20231215-WA0085.jpg 1600w\" sizes=\"(max-width: 300px) 100vw, 300px\" \/><\/a>\n\t\t\t<\/dt><\/dl><dl class='gallery-item'>\n\t\t\t<dt class='gallery-icon landscape'>\n\t\t\t\t<a href='https:\/\/boot-service-blohm.de\/neu\/wp-content\/uploads\/2024\/03\/IMG-20231215-WA0014.jpg'><img loading=\"lazy\" decoding=\"async\" width=\"300\" height=\"225\" src=\"https:\/\/boot-service-blohm.de\/neu\/wp-content\/uploads\/2024\/03\/IMG-20231215-WA0014-300x225.jpg\" class=\"attachment-medium size-medium\" alt=\"\" srcset=\"https:\/\/boot-service-blohm.de\/neu\/wp-content\/uploads\/2024\/03\/IMG-20231215-WA0014-300x225.jpg 300w, https:\/\/boot-service-blohm.de\/neu\/wp-content\/uploads\/2024\/03\/IMG-20231215-WA0014-1024x768.jpg 1024w, https:\/\/boot-service-blohm.de\/neu\/wp-content\/uploads\/2024\/03\/IMG-20231215-WA0014-768x576.jpg 768w, https:\/\/boot-service-blohm.de\/neu\/wp-content\/uploads\/2024\/03\/IMG-20231215-WA0014-1536x1152.jpg 1536w, https:\/\/boot-service-blohm.de\/neu\/wp-content\/uploads\/2024\/03\/IMG-20231215-WA0014-1440x1080.jpg 1440w, https:\/\/boot-service-blohm.de\/neu\/wp-content\/uploads\/2024\/03\/IMG-20231215-WA0014.jpg 1600w\" sizes=\"(max-width: 300px) 100vw, 300px\" \/><\/a>\n\t\t\t<\/dt><\/dl><br style=\"clear: both\" \/><dl class='gallery-item'>\n\t\t\t<dt class='gallery-icon portrait'>\n\t\t\t\t<a href='https:\/\/boot-service-blohm.de\/neu\/wp-content\/uploads\/2024\/03\/IMG-20231215-WA0169.jpg'><img loading=\"lazy\" decoding=\"async\" width=\"225\" height=\"300\" src=\"https:\/\/boot-service-blohm.de\/neu\/wp-content\/uploads\/2024\/03\/IMG-20231215-WA0169-225x300.jpg\" class=\"attachment-medium size-medium\" alt=\"\" srcset=\"https:\/\/boot-service-blohm.de\/neu\/wp-content\/uploads\/2024\/03\/IMG-20231215-WA0169-225x300.jpg 225w, https:\/\/boot-service-blohm.de\/neu\/wp-content\/uploads\/2024\/03\/IMG-20231215-WA0169-768x1024.jpg 768w, https:\/\/boot-service-blohm.de\/neu\/wp-content\/uploads\/2024\/03\/IMG-20231215-WA0169-1152x1536.jpg 1152w, https:\/\/boot-service-blohm.de\/neu\/wp-content\/uploads\/2024\/03\/IMG-20231215-WA0169-810x1080.jpg 810w, https:\/\/boot-service-blohm.de\/neu\/wp-content\/uploads\/2024\/03\/IMG-20231215-WA0169.jpg 1200w\" sizes=\"(max-width: 225px) 100vw, 225px\" \/><\/a>\n\t\t\t<\/dt><\/dl><dl class='gallery-item'>\n\t\t\t<dt class='gallery-icon landscape'>\n\t\t\t\t<a href='https:\/\/boot-service-blohm.de\/neu\/wp-content\/uploads\/2024\/03\/IMG-20231215-WA0152.jpg'><img loading=\"lazy\" decoding=\"async\" width=\"300\" height=\"225\" src=\"https:\/\/boot-service-blohm.de\/neu\/wp-content\/uploads\/2024\/03\/IMG-20231215-WA0152-300x225.jpg\" class=\"attachment-medium size-medium\" alt=\"\" srcset=\"https:\/\/boot-service-blohm.de\/neu\/wp-content\/uploads\/2024\/03\/IMG-20231215-WA0152-300x225.jpg 300w, https:\/\/boot-service-blohm.de\/neu\/wp-content\/uploads\/2024\/03\/IMG-20231215-WA0152-1024x768.jpg 1024w, https:\/\/boot-service-blohm.de\/neu\/wp-content\/uploads\/2024\/03\/IMG-20231215-WA0152-768x576.jpg 768w, https:\/\/boot-service-blohm.de\/neu\/wp-content\/uploads\/2024\/03\/IMG-20231215-WA0152-1536x1152.jpg 1536w, https:\/\/boot-service-blohm.de\/neu\/wp-content\/uploads\/2024\/03\/IMG-20231215-WA0152-1440x1080.jpg 1440w, https:\/\/boot-service-blohm.de\/neu\/wp-content\/uploads\/2024\/03\/IMG-20231215-WA0152.jpg 1600w\" sizes=\"(max-width: 300px) 100vw, 300px\" \/><\/a>\n\t\t\t<\/dt><\/dl><dl class='gallery-item'>\n\t\t\t<dt class='gallery-icon landscape'>\n\t\t\t\t<a href='https:\/\/boot-service-blohm.de\/neu\/wp-content\/uploads\/2024\/03\/IMG-20231215-WA0082.jpg'><img loading=\"lazy\" decoding=\"async\" width=\"300\" height=\"225\" src=\"https:\/\/boot-service-blohm.de\/neu\/wp-content\/uploads\/2024\/03\/IMG-20231215-WA0082-300x225.jpg\" class=\"attachment-medium size-medium\" alt=\"\" srcset=\"https:\/\/boot-service-blohm.de\/neu\/wp-content\/uploads\/2024\/03\/IMG-20231215-WA0082-300x225.jpg 300w, https:\/\/boot-service-blohm.de\/neu\/wp-content\/uploads\/2024\/03\/IMG-20231215-WA0082-1024x768.jpg 1024w, https:\/\/boot-service-blohm.de\/neu\/wp-content\/uploads\/2024\/03\/IMG-20231215-WA0082-768x576.jpg 768w, https:\/\/boot-service-blohm.de\/neu\/wp-content\/uploads\/2024\/03\/IMG-20231215-WA0082-1536x1152.jpg 1536w, https:\/\/boot-service-blohm.de\/neu\/wp-content\/uploads\/2024\/03\/IMG-20231215-WA0082-1440x1080.jpg 1440w, https:\/\/boot-service-blohm.de\/neu\/wp-content\/uploads\/2024\/03\/IMG-20231215-WA0082.jpg 1600w\" sizes=\"(max-width: 300px) 100vw, 300px\" \/><\/a>\n\t\t\t<\/dt><\/dl><br style=\"clear: both\" \/>\n\t\t<\/div>\n\n\n\n\n","protected":false},"excerpt":{"rendered":"<p>Was am 03.04.2017 in einer alten Halle in Prohn begann, ist inzwischen ein renomiertes und wettbewerbsf\u00e4hges Unternehmen, dessen Mitarbeiter durch regelm\u00e4\u00dfige Seminare und Zertifizierungen zu jeder Zeit auf dem Stand der aktuellen Technik sind. Was jedoch nicht bedeutet, dass wir uns gern auch mit den sch\u00f6nen und charakterstarken Booten und Motoren der l\u00e4ngst vergangenen Tage [&hellip;]<\/p>\n","protected":false},"author":1,"featured_media":0,"parent":0,"menu_order":0,"comment_status":"closed","ping_status":"closed","template":"","meta":{"saved_in_kubio":true,"footnotes":""},"class_list":["post-88","page","type-page","status-publish","hentry"],"kubio_ai_page_context":{"short_desc":"","purpose":"general"},"_links":{"self":[{"href":"https:\/\/boot-service-blohm.de\/neu\/wp-json\/wp\/v2\/pages\/88","targetHints":{"allow":["GET"]}}],"collection":[{"href":"https:\/\/boot-service-blohm.de\/neu\/wp-json\/wp\/v2\/pages"}],"about":[{"href":"https:\/\/boot-service-blohm.de\/neu\/wp-json\/wp\/v2\/types\/page"}],"author":[{"embeddable":true,"href":"https:\/\/boot-service-blohm.de\/neu\/wp-json\/wp\/v2\/users\/1"}],"replies":[{"embeddable":true,"href":"https:\/\/boot-service-blohm.de\/neu\/wp-json\/wp\/v2\/comments?post=88"}],"version-history":[{"count":8,"href":"https:\/\/boot-service-blohm.de\/neu\/wp-json\/wp\/v2\/pages\/88\/revisions"}],"predecessor-version":[{"id":919,"href":"https:\/\/boot-service-blohm.de\/neu\/wp-json\/wp\/v2\/pages\/88\/revisions\/919"}],"wp:attachment":[{"href":"https:\/\/boot-service-blohm.de\/neu\/wp-json\/wp\/v2\/media?parent=88"}],"curies":[{"name":"wp","href":"https:\/\/api.w.org\/{rel}","templated":true}]}}